{"id":42,"date":"2023-11-06T21:40:45","date_gmt":"2023-11-06T20:40:45","guid":{"rendered":"https:\/\/bcs.com.sv\/?page_id=42"},"modified":"2023-12-06T23:56:24","modified_gmt":"2023-12-07T05:56:24","slug":"servicios","status":"publish","type":"page","link":"https:\/\/bcs.com.sv\/?page_id=42","title":{"rendered":"Servicios"},"content":{"rendered":"\t\t<div data-elementor-type=\"wp-page\" data-elementor-id=\"42\" class=\"elementor elementor-42\">\n\t\t\t\t\t\t\t<div class=\"elementor-element elementor-element-01ddc32 e-flex e-con-boxed e-con e-parent\" data-id=\"01ddc32\" data-element_type=\"container\" data-settings=\"{&quot;content_width&quot;:&quot;boxed&quot;}\" data-core-v316-plus=\"true\">\n\t\t\t\t\t<div class=\"e-con-inner\">\n\t\t\t\t<div class=\"elementor-element elementor-element-e3336f9 elementor-widget elementor-widget-heading\" data-id=\"e3336f9\" data-element_type=\"widget\" data-widget_type=\"heading.default\">\n\t\t\t\t<div class=\"elementor-widget-container\">\n\t\t\t<style>\/*! elementor - v3.17.0 - 08-11-2023 *\/\n.elementor-heading-title{padding:0;margin:0;line-height:1}.elementor-widget-heading .elementor-heading-title[class*=elementor-size-]>a{color:inherit;font-size:inherit;line-height:inherit}.elementor-widget-heading .elementor-heading-title.elementor-size-small{font-size:15px}.elementor-widget-heading .elementor-heading-title.elementor-size-medium{font-size:19px}.elementor-widget-heading .elementor-heading-title.elementor-size-large{font-size:29px}.elementor-widget-heading .elementor-heading-title.elementor-size-xl{font-size:39px}.elementor-widget-heading .elementor-heading-title.elementor-size-xxl{font-size:59px}<\/style><h4 class=\"elementor-heading-title elementor-size-default\">Servicios<\/h4>\t\t<\/div>\n\t\t\t\t<\/div>\n\t\t\t\t\t<\/div>\n\t\t\t\t<\/div>\n\t\t<div class=\"elementor-element elementor-element-a047bf3 e-flex e-con-boxed e-con e-parent\" data-id=\"a047bf3\" data-element_type=\"container\" data-settings=\"{&quot;background_background&quot;:&quot;classic&quot;,&quot;content_width&quot;:&quot;boxed&quot;}\" data-core-v316-plus=\"true\">\n\t\t\t\t\t<div class=\"e-con-inner\">\n\t\t<div class=\"elementor-element elementor-element-b29fd6a e-con-full e-flex e-con e-child\" data-id=\"b29fd6a\" data-element_type=\"container\" data-settings=\"{&quot;content_width&quot;:&quot;full&quot;}\">\n\t\t\t\t<div class=\"elementor-element elementor-element-ca4481b elementor-invisible elementor-widget elementor-widget-heading\" data-id=\"ca4481b\" data-element_type=\"widget\" data-settings=\"{&quot;_animation&quot;:&quot;fadeInLeft&quot;}\" data-widget_type=\"heading.default\">\n\t\t\t\t<div class=\"elementor-widget-container\">\n\t\t\t<h5 class=\"elementor-heading-title elementor-size-default\">Implementaci\u00f3n de aplicaciones y desarrollo de software<\/h5>\t\t<\/div>\n\t\t\t\t<\/div>\n\t\t\t\t<div class=\"elementor-element elementor-element-958737d elementor-invisible elementor-widget elementor-widget-image\" data-id=\"958737d\" data-element_type=\"widget\" data-settings=\"{&quot;_animation&quot;:&quot;fadeInLeft&quot;}\" data-widget_type=\"image.default\">\n\t\t\t\t<div class=\"elementor-widget-container\">\n\t\t\t<style>\/*! elementor - v3.17.0 - 08-11-2023 *\/\n.elementor-widget-image{text-align:center}.elementor-widget-image a{display:inline-block}.elementor-widget-image a img[src$=\".svg\"]{width:48px}.elementor-widget-image img{vertical-align:middle;display:inline-block}<\/style>\t\t\t\t\t\t\t\t\t\t\t\t\t<a href=\"https:\/\/bcs.com.sv\/?page_id=265\">\n\t\t\t\t\t\t\t<img fetchpriority=\"high\" decoding=\"async\" width=\"443\" height=\"456\" src=\"https:\/\/bcs.com.sv\/wp-content\/uploads\/2023\/11\/desarrollo.png\" class=\"elementor-animation-pulse-grow attachment-large size-large wp-image-421\" alt=\"\" srcset=\"https:\/\/bcs.com.sv\/wp-content\/uploads\/2023\/11\/desarrollo.png 443w, https:\/\/bcs.com.sv\/wp-content\/uploads\/2023\/11\/desarrollo-291x300.png 291w\" sizes=\"(max-width: 443px) 100vw, 443px\" \/>\t\t\t\t\t\t\t\t<\/a>\n\t\t\t\t\t\t\t\t\t\t\t\t\t\t\t<\/div>\n\t\t\t\t<\/div>\n\t\t\t\t<\/div>\n\t\t<div class=\"elementor-element elementor-element-ee03296 e-con-full e-flex e-con e-child\" data-id=\"ee03296\" data-element_type=\"container\" data-settings=\"{&quot;content_width&quot;:&quot;full&quot;}\">\n\t\t\t\t<div class=\"elementor-element elementor-element-72f0ba1 elementor-invisible elementor-widget elementor-widget-heading\" data-id=\"72f0ba1\" data-element_type=\"widget\" data-settings=\"{&quot;_animation&quot;:&quot;fadeInLeft&quot;}\" data-widget_type=\"heading.default\">\n\t\t\t\t<div class=\"elementor-widget-container\">\n\t\t\t<h5 class=\"elementor-heading-title elementor-size-default\">Implementaci\u00f3n de c\u00f3digos de barra<\/h5>\t\t<\/div>\n\t\t\t\t<\/div>\n\t\t\t\t<div class=\"elementor-element elementor-element-ffe8a6c elementor-invisible elementor-widget elementor-widget-image\" data-id=\"ffe8a6c\" data-element_type=\"widget\" data-settings=\"{&quot;_animation&quot;:&quot;fadeInLeft&quot;}\" data-widget_type=\"image.default\">\n\t\t\t\t<div class=\"elementor-widget-container\">\n\t\t\t\t\t\t\t\t\t\t\t\t\t\t\t\t<a href=\"https:\/\/bcs.com.sv\/?page_id=276\">\n\t\t\t\t\t\t\t<img decoding=\"async\" width=\"443\" height=\"456\" src=\"https:\/\/bcs.com.sv\/wp-content\/uploads\/2023\/11\/scanner.png\" class=\"elementor-animation-pulse-grow attachment-large size-large wp-image-423\" alt=\"\" srcset=\"https:\/\/bcs.com.sv\/wp-content\/uploads\/2023\/11\/scanner.png 443w, https:\/\/bcs.com.sv\/wp-content\/uploads\/2023\/11\/scanner-291x300.png 291w\" sizes=\"(max-width: 443px) 100vw, 443px\" \/>\t\t\t\t\t\t\t\t<\/a>\n\t\t\t\t\t\t\t\t\t\t\t\t\t\t\t<\/div>\n\t\t\t\t<\/div>\n\t\t\t\t<\/div>\n\t\t<div class=\"elementor-element elementor-element-73c275f e-con-full e-flex e-con e-child\" data-id=\"73c275f\" data-element_type=\"container\" data-settings=\"{&quot;content_width&quot;:&quot;full&quot;}\">\n\t\t\t\t<div class=\"elementor-element elementor-element-29a0434 elementor-invisible elementor-widget elementor-widget-heading\" data-id=\"29a0434\" data-element_type=\"widget\" data-settings=\"{&quot;_animation&quot;:&quot;fadeInLeft&quot;}\" data-widget_type=\"heading.default\">\n\t\t\t\t<div class=\"elementor-widget-container\">\n\t\t\t<h5 class=\"elementor-heading-title elementor-size-default\">Suministros<\/h5>\t\t<\/div>\n\t\t\t\t<\/div>\n\t\t\t\t<div class=\"elementor-element elementor-element-e17d097 elementor-invisible elementor-widget elementor-widget-image\" data-id=\"e17d097\" data-element_type=\"widget\" data-settings=\"{&quot;_animation&quot;:&quot;fadeInLeft&quot;}\" data-widget_type=\"image.default\">\n\t\t\t\t<div class=\"elementor-widget-container\">\n\t\t\t\t\t\t\t\t\t\t\t\t\t\t\t\t<a href=\"https:\/\/bcs.com.sv\/?page_id=39\">\n\t\t\t\t\t\t\t<img decoding=\"async\" width=\"443\" height=\"456\" src=\"https:\/\/bcs.com.sv\/wp-content\/uploads\/2023\/11\/sumin.png\" class=\"elementor-animation-pulse-grow attachment-large size-large wp-image-425\" alt=\"\" srcset=\"https:\/\/bcs.com.sv\/wp-content\/uploads\/2023\/11\/sumin.png 443w, https:\/\/bcs.com.sv\/wp-content\/uploads\/2023\/11\/sumin-291x300.png 291w\" sizes=\"(max-width: 443px) 100vw, 443px\" \/>\t\t\t\t\t\t\t\t<\/a>\n\t\t\t\t\t\t\t\t\t\t\t\t\t\t\t<\/div>\n\t\t\t\t<\/div>\n\t\t\t\t<\/div>\n\t\t<div class=\"elementor-element elementor-element-575b513 e-con-full e-flex e-con e-child\" data-id=\"575b513\" data-element_type=\"container\" data-settings=\"{&quot;content_width&quot;:&quot;full&quot;}\">\n\t\t\t\t<div class=\"elementor-element elementor-element-291b973 elementor-invisible elementor-widget elementor-widget-heading\" data-id=\"291b973\" data-element_type=\"widget\" data-settings=\"{&quot;_animation&quot;:&quot;fadeInLeft&quot;}\" data-widget_type=\"heading.default\">\n\t\t\t\t<div class=\"elementor-widget-container\">\n\t\t\t<h5 class=\"elementor-heading-title elementor-size-default\">Soluciones de Inventario<\/h5>\t\t<\/div>\n\t\t\t\t<\/div>\n\t\t\t\t<div class=\"elementor-element elementor-element-630daa3 elementor-invisible elementor-widget elementor-widget-image\" data-id=\"630daa3\" data-element_type=\"widget\" data-settings=\"{&quot;_animation&quot;:&quot;fadeInLeft&quot;}\" data-widget_type=\"image.default\">\n\t\t\t\t<div class=\"elementor-widget-container\">\n\t\t\t\t\t\t\t\t\t\t\t\t\t\t\t\t<a href=\"https:\/\/bcs.com.sv\/?page_id=278\">\n\t\t\t\t\t\t\t<img loading=\"lazy\" decoding=\"async\" width=\"443\" height=\"456\" src=\"https:\/\/bcs.com.sv\/wp-content\/uploads\/2023\/11\/inven-fisico-ex-Recuperado-Recuperado.png\" class=\"elementor-animation-pulse-grow attachment-large size-large wp-image-424\" alt=\"\" srcset=\"https:\/\/bcs.com.sv\/wp-content\/uploads\/2023\/11\/inven-fisico-ex-Recuperado-Recuperado.png 443w, https:\/\/bcs.com.sv\/wp-content\/uploads\/2023\/11\/inven-fisico-ex-Recuperado-Recuperado-291x300.png 291w\" sizes=\"(max-width: 443px) 100vw, 443px\" \/>\t\t\t\t\t\t\t\t<\/a>\n\t\t\t\t\t\t\t\t\t\t\t\t\t\t\t<\/div>\n\t\t\t\t<\/div>\n\t\t\t\t<\/div>\n\t\t\t\t\t<\/div>\n\t\t\t\t<\/div>\n\t\t\t\t\t\t\t<\/div>\n\t\t","protected":false},"excerpt":{"rendered":"<p>Servicios Implementaci\u00f3n de aplicaciones y desarrollo de software Implementaci\u00f3n de c\u00f3digos de barra Suministros Soluciones de Inventario<\/p>\n","protected":false},"author":1,"featured_media":0,"parent":0,"menu_order":0,"comment_status":"closed","ping_status":"closed","template":"elementor_header_footer","meta":{"footnotes":"","_joinchat":[]},"_links":{"self":[{"href":"https:\/\/bcs.com.sv\/index.php?rest_route=\/wp\/v2\/pages\/42"}],"collection":[{"href":"https:\/\/bcs.com.sv\/index.php?rest_route=\/wp\/v2\/pages"}],"about":[{"href":"https:\/\/bcs.com.sv\/index.php?rest_route=\/wp\/v2\/types\/page"}],"author":[{"embeddable":true,"href":"https:\/\/bcs.com.sv\/index.php?rest_route=\/wp\/v2\/users\/1"}],"replies":[{"embeddable":true,"href":"https:\/\/bcs.com.sv\/index.php?rest_route=%2Fwp%2Fv2%2Fcomments&post=42"}],"version-history":[{"count":19,"href":"https:\/\/bcs.com.sv\/index.php?rest_route=\/wp\/v2\/pages\/42\/revisions"}],"predecessor-version":[{"id":441,"href":"https:\/\/bcs.com.sv\/index.php?rest_route=\/wp\/v2\/pages\/42\/revisions\/441"}],"wp:attachment":[{"href":"https:\/\/bcs.com.sv\/index.php?rest_route=%2Fwp%2Fv2%2Fmedia&parent=42"}],"curies":[{"name":"wp","href":"https:\/\/api.w.org\/{rel}","templated":true}]}}