{"id":39,"date":"2023-11-06T21:40:10","date_gmt":"2023-11-06T20:40:10","guid":{"rendered":"https:\/\/bcs.com.sv\/?page_id=39"},"modified":"2023-11-23T23:23:31","modified_gmt":"2023-11-24T05:23:31","slug":"equipos","status":"publish","type":"page","link":"https:\/\/bcs.com.sv\/?page_id=39","title":{"rendered":"Equipos"},"content":{"rendered":"\t\t<div data-elementor-type=\"wp-page\" data-elementor-id=\"39\" class=\"elementor elementor-39\">\n\t\t\t\t\t\t\t<div class=\"elementor-element elementor-element-e449ef6 e-flex e-con-boxed e-con e-parent\" data-id=\"e449ef6\" data-element_type=\"container\" data-settings=\"{&quot;background_background&quot;:&quot;classic&quot;,&quot;content_width&quot;:&quot;boxed&quot;}\" data-core-v316-plus=\"true\">\n\t\t\t\t\t<div class=\"e-con-inner\">\n\t\t<div class=\"elementor-element elementor-element-92092d8 e-con-full e-flex e-con e-child\" data-id=\"92092d8\" data-element_type=\"container\" data-settings=\"{&quot;content_width&quot;:&quot;full&quot;}\">\n\t\t\t\t<div class=\"elementor-element elementor-element-d8bdd1f elementor-widget elementor-widget-heading\" data-id=\"d8bdd1f\" data-element_type=\"widget\" data-widget_type=\"heading.default\">\n\t\t\t\t<div class=\"elementor-widget-container\">\n\t\t\t<style>\/*! elementor - v3.17.0 - 08-11-2023 *\/\n.elementor-heading-title{padding:0;margin:0;line-height:1}.elementor-widget-heading .elementor-heading-title[class*=elementor-size-]>a{color:inherit;font-size:inherit;line-height:inherit}.elementor-widget-heading .elementor-heading-title.elementor-size-small{font-size:15px}.elementor-widget-heading .elementor-heading-title.elementor-size-medium{font-size:19px}.elementor-widget-heading .elementor-heading-title.elementor-size-large{font-size:29px}.elementor-widget-heading .elementor-heading-title.elementor-size-xl{font-size:39px}.elementor-widget-heading .elementor-heading-title.elementor-size-xxl{font-size:59px}<\/style><h4 class=\"elementor-heading-title elementor-size-default\">Impresoras<\/h4>\t\t<\/div>\n\t\t\t\t<\/div>\n\t\t\t\t<div class=\"elementor-element elementor-element-1d13322 elementor-widget elementor-widget-image\" data-id=\"1d13322\" data-element_type=\"widget\" data-widget_type=\"image.default\">\n\t\t\t\t<div class=\"elementor-widget-container\">\n\t\t\t<style>\/*! elementor - v3.17.0 - 08-11-2023 *\/\n.elementor-widget-image{text-align:center}.elementor-widget-image a{display:inline-block}.elementor-widget-image a img[src$=\".svg\"]{width:48px}.elementor-widget-image img{vertical-align:middle;display:inline-block}<\/style>\t\t\t\t\t\t\t\t\t\t\t\t\t<a href=\"https:\/\/bcs.com.sv\/?page_id=169\">\n\t\t\t\t\t\t\t<img decoding=\"async\" width=\"150\" height=\"150\" src=\"https:\/\/bcs.com.sv\/wp-content\/uploads\/2023\/11\/G-Series-1.jpeg\" class=\"elementor-animation-pulse-shrink attachment-thumbnail size-thumbnail wp-image-136\" alt=\"\" \/>\t\t\t\t\t\t\t\t<\/a>\n\t\t\t\t\t\t\t\t\t\t\t\t\t\t\t<\/div>\n\t\t\t\t<\/div>\n\t\t\t\t<\/div>\n\t\t<div class=\"elementor-element elementor-element-d4e19d4 e-con-full e-flex e-con e-child\" data-id=\"d4e19d4\" data-element_type=\"container\" data-settings=\"{&quot;content_width&quot;:&quot;full&quot;}\">\n\t\t\t\t<div class=\"elementor-element elementor-element-6e14337 elementor-widget elementor-widget-heading\" data-id=\"6e14337\" data-element_type=\"widget\" data-widget_type=\"heading.default\">\n\t\t\t\t<div class=\"elementor-widget-container\">\n\t\t\t<h4 class=\"elementor-heading-title elementor-size-default\">Lectores de Barra<\/h4>\t\t<\/div>\n\t\t\t\t<\/div>\n\t\t\t\t<div class=\"elementor-element elementor-element-c0bb11c elementor-widget elementor-widget-image\" data-id=\"c0bb11c\" data-element_type=\"widget\" data-widget_type=\"image.default\">\n\t\t\t\t<div class=\"elementor-widget-container\">\n\t\t\t\t\t\t\t\t\t\t\t\t\t\t\t\t<a href=\"https:\/\/bcs.com.sv\/?page_id=190\">\n\t\t\t\t\t\t\t<img fetchpriority=\"high\" decoding=\"async\" width=\"300\" height=\"199\" src=\"https:\/\/bcs.com.sv\/wp-content\/uploads\/2023\/11\/Barcode1-e1701320586558-300x199.jpg\" class=\"elementor-animation-pulse-shrink attachment-medium size-medium wp-image-141\" alt=\"\" srcset=\"https:\/\/bcs.com.sv\/wp-content\/uploads\/2023\/11\/Barcode1-e1701320586558-300x199.jpg 300w, https:\/\/bcs.com.sv\/wp-content\/uploads\/2023\/11\/Barcode1-e1701320586558.jpg 340w\" sizes=\"(max-width: 300px) 100vw, 300px\" \/>\t\t\t\t\t\t\t\t<\/a>\n\t\t\t\t\t\t\t\t\t\t\t\t\t\t\t<\/div>\n\t\t\t\t<\/div>\n\t\t\t\t<\/div>\n\t\t<div class=\"elementor-element elementor-element-54b26e2 e-con-full e-flex e-con e-child\" data-id=\"54b26e2\" data-element_type=\"container\" data-settings=\"{&quot;content_width&quot;:&quot;full&quot;}\">\n\t\t\t\t<div class=\"elementor-element elementor-element-9be93a7 elementor-widget elementor-widget-heading\" data-id=\"9be93a7\" data-element_type=\"widget\" data-widget_type=\"heading.default\">\n\t\t\t\t<div class=\"elementor-widget-container\">\n\t\t\t<h4 class=\"elementor-heading-title elementor-size-default\">Carnetizaci\u00f3n<\/h4>\t\t<\/div>\n\t\t\t\t<\/div>\n\t\t\t\t<div class=\"elementor-element elementor-element-8224567 elementor-widget elementor-widget-image\" data-id=\"8224567\" data-element_type=\"widget\" data-widget_type=\"image.default\">\n\t\t\t\t<div class=\"elementor-widget-container\">\n\t\t\t\t\t\t\t\t\t\t\t\t\t\t\t\t<a href=\"https:\/\/bcs.com.sv\/?page_id=195\">\n\t\t\t\t\t\t\t<img decoding=\"async\" width=\"150\" height=\"150\" src=\"https:\/\/bcs.com.sv\/wp-content\/uploads\/2023\/11\/kisspng-card-printer-inkjet-printing-plastic-pvc-cards-5b0508fa759a55.2125284815270566344817-150x150.png\" class=\"elementor-animation-pulse-shrink attachment-thumbnail size-thumbnail wp-image-149\" alt=\"\" srcset=\"https:\/\/bcs.com.sv\/wp-content\/uploads\/2023\/11\/kisspng-card-printer-inkjet-printing-plastic-pvc-cards-5b0508fa759a55.2125284815270566344817-150x150.png 150w, https:\/\/bcs.com.sv\/wp-content\/uploads\/2023\/11\/kisspng-card-printer-inkjet-printing-plastic-pvc-cards-5b0508fa759a55.2125284815270566344817-300x300.png 300w, https:\/\/bcs.com.sv\/wp-content\/uploads\/2023\/11\/kisspng-card-printer-inkjet-printing-plastic-pvc-cards-5b0508fa759a55.2125284815270566344817.png 550w\" sizes=\"(max-width: 150px) 100vw, 150px\" \/>\t\t\t\t\t\t\t\t<\/a>\n\t\t\t\t\t\t\t\t\t\t\t\t\t\t\t<\/div>\n\t\t\t\t<\/div>\n\t\t\t\t<\/div>\n\t\t<div class=\"elementor-element elementor-element-ea6730d e-con-full e-flex e-con e-child\" data-id=\"ea6730d\" data-element_type=\"container\" data-settings=\"{&quot;content_width&quot;:&quot;full&quot;}\">\n\t\t\t\t<div class=\"elementor-element elementor-element-d983b20 elementor-widget elementor-widget-heading\" data-id=\"d983b20\" data-element_type=\"widget\" data-widget_type=\"heading.default\">\n\t\t\t\t<div class=\"elementor-widget-container\">\n\t\t\t<h4 class=\"elementor-heading-title elementor-size-default\">Puntos de Venta<\/h4>\t\t<\/div>\n\t\t\t\t<\/div>\n\t\t\t\t<div class=\"elementor-element elementor-element-0bce9f1 elementor-widget elementor-widget-image\" data-id=\"0bce9f1\" data-element_type=\"widget\" data-widget_type=\"image.default\">\n\t\t\t\t<div class=\"elementor-widget-container\">\n\t\t\t\t\t\t\t\t\t\t\t\t\t\t\t\t<a href=\"https:\/\/bcs.com.sv\/?page_id=200\">\n\t\t\t\t\t\t\t<img loading=\"lazy\" decoding=\"async\" width=\"253\" height=\"199\" src=\"https:\/\/bcs.com.sv\/wp-content\/uploads\/2023\/11\/3495.jpeg\" class=\"elementor-animation-pulse-shrink attachment-large size-large wp-image-140\" alt=\"\" \/>\t\t\t\t\t\t\t\t<\/a>\n\t\t\t\t\t\t\t\t\t\t\t\t\t\t\t<\/div>\n\t\t\t\t<\/div>\n\t\t\t\t<\/div>\n\t\t<div class=\"elementor-element elementor-element-6c1c71a e-con-full e-flex e-con e-child\" data-id=\"6c1c71a\" data-element_type=\"container\" data-settings=\"{&quot;content_width&quot;:&quot;full&quot;}\">\n\t\t\t\t<div class=\"elementor-element elementor-element-36b4758 elementor-widget elementor-widget-heading\" data-id=\"36b4758\" data-element_type=\"widget\" data-widget_type=\"heading.default\">\n\t\t\t\t<div class=\"elementor-widget-container\">\n\t\t\t<h4 class=\"elementor-heading-title elementor-size-default\">Vigilancia electr\u00f3nica de art\u00edculos<\/h4>\t\t<\/div>\n\t\t\t\t<\/div>\n\t\t\t\t<div class=\"elementor-element elementor-element-1c989c7 elementor-widget elementor-widget-image\" data-id=\"1c989c7\" data-element_type=\"widget\" data-widget_type=\"image.default\">\n\t\t\t\t<div class=\"elementor-widget-container\">\n\t\t\t\t\t\t\t\t\t\t\t\t\t\t\t\t<a href=\"https:\/\/bcs.com.sv\/?page_id=205\">\n\t\t\t\t\t\t\t<img decoding=\"async\" src=\"https:\/\/bcs.com.sv\/wp-content\/uploads\/elementor\/thumbs\/sistema-eas-iktatech-qf803mj8zy32rknco1dl6pzfwq9txci84gsh2l387k.png\" title=\"sistema-eas-iktatech\" alt=\"sistema-eas-iktatech\" class=\"elementor-animation-pulse-shrink\" loading=\"lazy\" \/>\t\t\t\t\t\t\t\t<\/a>\n\t\t\t\t\t\t\t\t\t\t\t\t\t\t\t<\/div>\n\t\t\t\t<\/div>\n\t\t\t\t<\/div>\n\t\t<div class=\"elementor-element elementor-element-9e38ea3 e-con-full e-flex e-con e-child\" data-id=\"9e38ea3\" data-element_type=\"container\" data-settings=\"{&quot;content_width&quot;:&quot;full&quot;}\">\n\t\t\t\t<div class=\"elementor-element elementor-element-f23ec80 elementor-widget elementor-widget-heading\" data-id=\"f23ec80\" data-element_type=\"widget\" data-widget_type=\"heading.default\">\n\t\t\t\t<div class=\"elementor-widget-container\">\n\t\t\t<h4 class=\"elementor-heading-title elementor-size-default\">Consumibles<\/h4>\t\t<\/div>\n\t\t\t\t<\/div>\n\t\t\t\t<div class=\"elementor-element elementor-element-1d2435a elementor-widget elementor-widget-image\" data-id=\"1d2435a\" data-element_type=\"widget\" data-widget_type=\"image.default\">\n\t\t\t\t<div class=\"elementor-widget-container\">\n\t\t\t\t\t\t\t\t\t\t\t\t\t\t\t\t<a href=\"https:\/\/bcs.com.sv\/?page_id=207\">\n\t\t\t\t\t\t\t<img decoding=\"async\" src=\"https:\/\/bcs.com.sv\/wp-content\/uploads\/elementor\/thumbs\/Etiquetas-VOID-qf7ze7yaa5b93yr4bdnburiy0z0y9m8r2rodq8ps3g.jpg\" title=\"Etiquetas-VOID\" alt=\"Etiquetas-VOID\" class=\"elementor-animation-pulse-shrink\" loading=\"lazy\" \/>\t\t\t\t\t\t\t\t<\/a>\n\t\t\t\t\t\t\t\t\t\t\t\t\t\t\t<\/div>\n\t\t\t\t<\/div>\n\t\t\t\t<\/div>\n\t\t\t\t\t<\/div>\n\t\t\t\t<\/div>\n\t\t\t\t\t\t\t<\/div>\n\t\t","protected":false},"excerpt":{"rendered":"<p>Impresoras Lectores de Barra Carnetizaci\u00f3n Puntos de Venta Vigilancia electr\u00f3nica de art\u00edculos Consumibles<\/p>\n","protected":false},"author":1,"featured_media":0,"parent":0,"menu_order":0,"comment_status":"closed","ping_status":"closed","template":"page-templates\/template-sinatra-fullwidth.php","meta":{"footnotes":"","_joinchat":[]},"_links":{"self":[{"href":"https:\/\/bcs.com.sv\/index.php?rest_route=\/wp\/v2\/pages\/39"}],"collection":[{"href":"https:\/\/bcs.com.sv\/index.php?rest_route=\/wp\/v2\/pages"}],"about":[{"href":"https:\/\/bcs.com.sv\/index.php?rest_route=\/wp\/v2\/types\/page"}],"author":[{"embeddable":true,"href":"https:\/\/bcs.com.sv\/index.php?rest_route=\/wp\/v2\/users\/1"}],"replies":[{"embeddable":true,"href":"https:\/\/bcs.com.sv\/index.php?rest_route=%2Fwp%2Fv2%2Fcomments&post=39"}],"version-history":[{"count":34,"href":"https:\/\/bcs.com.sv\/index.php?rest_route=\/wp\/v2\/pages\/39\/revisions"}],"predecessor-version":[{"id":340,"href":"https:\/\/bcs.com.sv\/index.php?rest_route=\/wp\/v2\/pages\/39\/revisions\/340"}],"wp:attachment":[{"href":"https:\/\/bcs.com.sv\/index.php?rest_route=%2Fwp%2Fv2%2Fmedia&parent=39"}],"curies":[{"name":"wp","href":"https:\/\/api.w.org\/{rel}","templated":true}]}}