{"id":276,"date":"2023-11-11T18:24:10","date_gmt":"2023-11-12T00:24:10","guid":{"rendered":"https:\/\/bcs.com.sv\/?page_id=276"},"modified":"2023-11-29T23:41:02","modified_gmt":"2023-11-30T05:41:02","slug":"implementacion-de-codigos-de-barra","status":"publish","type":"page","link":"https:\/\/bcs.com.sv\/?page_id=276","title":{"rendered":"Implementaci\u00f3n de c\u00f3digos de barra"},"content":{"rendered":"\t\t<div data-elementor-type=\"wp-page\" data-elementor-id=\"276\" class=\"elementor elementor-276\">\n\t\t\t\t\t\t\t<div class=\"elementor-element elementor-element-fc80fbf e-flex e-con-boxed e-con e-parent\" data-id=\"fc80fbf\" data-element_type=\"container\" data-settings=\"{&quot;content_width&quot;:&quot;boxed&quot;}\" data-core-v316-plus=\"true\">\n\t\t\t\t\t<div class=\"e-con-inner\">\n\t\t\t\t<div class=\"elementor-element elementor-element-bea9213 elementor-widget elementor-widget-heading\" data-id=\"bea9213\" data-element_type=\"widget\" data-widget_type=\"heading.default\">\n\t\t\t\t<div class=\"elementor-widget-container\">\n\t\t\t<style>\/*! elementor - v3.17.0 - 08-11-2023 *\/\n.elementor-heading-title{padding:0;margin:0;line-height:1}.elementor-widget-heading .elementor-heading-title[class*=elementor-size-]>a{color:inherit;font-size:inherit;line-height:inherit}.elementor-widget-heading .elementor-heading-title.elementor-size-small{font-size:15px}.elementor-widget-heading .elementor-heading-title.elementor-size-medium{font-size:19px}.elementor-widget-heading .elementor-heading-title.elementor-size-large{font-size:29px}.elementor-widget-heading .elementor-heading-title.elementor-size-xl{font-size:39px}.elementor-widget-heading .elementor-heading-title.elementor-size-xxl{font-size:59px}<\/style><h4 class=\"elementor-heading-title elementor-size-default\">Implementacion c\u00f3digo de barras<\/h4>\t\t<\/div>\n\t\t\t\t<\/div>\n\t\t\t\t\t<\/div>\n\t\t\t\t<\/div>\n\t\t<div class=\"elementor-element elementor-element-70b556d e-flex e-con-boxed e-con e-parent\" data-id=\"70b556d\" data-element_type=\"container\" data-settings=\"{&quot;content_width&quot;:&quot;boxed&quot;}\" data-core-v316-plus=\"true\">\n\t\t\t\t\t<div class=\"e-con-inner\">\n\t\t<div class=\"elementor-element elementor-element-e55b17d e-con-full e-flex e-con e-child\" data-id=\"e55b17d\" data-element_type=\"container\" data-settings=\"{&quot;content_width&quot;:&quot;full&quot;}\">\n\t\t\t\t<div class=\"elementor-element elementor-element-4b72652 elementor-invisible elementor-widget elementor-widget-text-editor\" data-id=\"4b72652\" data-element_type=\"widget\" data-settings=\"{&quot;_animation&quot;:&quot;fadeInLeft&quot;}\" data-widget_type=\"text-editor.default\">\n\t\t\t\t<div class=\"elementor-widget-container\">\n\t\t\t<style>\/*! elementor - v3.17.0 - 08-11-2023 *\/\n.elementor-widget-text-editor.elementor-drop-cap-view-stacked .elementor-drop-cap{background-color:#69727d;color:#fff}.elementor-widget-text-editor.elementor-drop-cap-view-framed .elementor-drop-cap{color:#69727d;border:3px solid;background-color:transparent}.elementor-widget-text-editor:not(.elementor-drop-cap-view-default) .elementor-drop-cap{margin-top:8px}.elementor-widget-text-editor:not(.elementor-drop-cap-view-default) .elementor-drop-cap-letter{width:1em;height:1em}.elementor-widget-text-editor .elementor-drop-cap{float:left;text-align:center;line-height:1;font-size:50px}.elementor-widget-text-editor .elementor-drop-cap-letter{display:inline-block}<\/style>\t\t\t\t<p><span style=\"color: #000000;\"><img decoding=\"async\" class=\"alignnone wp-image-416\" src=\"https:\/\/bcs.com.sv\/wp-content\/uploads\/2023\/11\/icone-de-tique-ronde-orange-300x300.png\" alt=\"\" width=\"25\" height=\"25\" \/> Efectuamos un inventario f\u00edsico donde nos dirigimos en la relaci\u00f3n detallada y minuciosa de las existencias de sus bienes y\/o mercanc\u00edas y luego procedemos a la carga del sistema, despu\u00e9s de su respectiva validaci\u00f3n contable.<\/span><\/p>\t\t\t\t\t\t<\/div>\n\t\t\t\t<\/div>\n\t\t\t\t<div class=\"elementor-element elementor-element-a8809c8 elementor-invisible elementor-widget elementor-widget-text-editor\" data-id=\"a8809c8\" data-element_type=\"widget\" data-settings=\"{&quot;_animation&quot;:&quot;fadeInLeft&quot;}\" data-widget_type=\"text-editor.default\">\n\t\t\t\t<div class=\"elementor-widget-container\">\n\t\t\t\t\t\t\t<p><span style=\"color: #000000;\"><img decoding=\"async\" class=\"alignnone wp-image-416\" src=\"https:\/\/bcs.com.sv\/wp-content\/uploads\/2023\/11\/icone-de-tique-ronde-orange-300x300.png\" alt=\"\" width=\"25\" height=\"25\" \/> <\/span><span style=\"color: #000000;\">La informaci\u00f3n se procesa y almacena con base en un sistema digital binario conocido como <em>c\u00f3digo de barras, <\/em>que permitir\u00e1 agilizar y estandarizar los procesos de gesti\u00f3n y manejo de inventarios indiferentemente de su requerimiento.<\/span><\/p>\t\t\t\t\t\t<\/div>\n\t\t\t\t<\/div>\n\t\t\t\t<div class=\"elementor-element elementor-element-3031e76 elementor-invisible elementor-widget elementor-widget-text-editor\" data-id=\"3031e76\" data-element_type=\"widget\" data-settings=\"{&quot;_animation&quot;:&quot;fadeInLeft&quot;}\" data-widget_type=\"text-editor.default\">\n\t\t\t\t<div class=\"elementor-widget-container\">\n\t\t\t\t\t\t\t<p><img decoding=\"async\" class=\"alignnone wp-image-416\" src=\"https:\/\/bcs.com.sv\/wp-content\/uploads\/2023\/11\/icone-de-tique-ronde-orange-300x300.png\" alt=\"\" width=\"25\" height=\"25\" \/> <span style=\"color: #000000;\">Impartimos temas importantes como: la creaci\u00f3n e impresi\u00f3n de c\u00f3digos de barras, bases de datos de activos fijos, conciliaci\u00f3n de inventarios y los informes de levantamiento de activos, se incorporan en este material, que incluye un ejercicio de levantamiento y conciliaci\u00f3n de inventarios.<\/span><\/p>\t\t\t\t\t\t<\/div>\n\t\t\t\t<\/div>\n\t\t\t\t<div class=\"elementor-element elementor-element-2a0cbe9 elementor-invisible elementor-widget elementor-widget-text-editor\" data-id=\"2a0cbe9\" data-element_type=\"widget\" data-settings=\"{&quot;_animation&quot;:&quot;fadeInLeft&quot;}\" data-widget_type=\"text-editor.default\">\n\t\t\t\t<div class=\"elementor-widget-container\">\n\t\t\t\t\t\t\t<p><span style=\"color: #000000;\"><img decoding=\"async\" class=\"alignnone wp-image-416\" src=\"https:\/\/bcs.com.sv\/wp-content\/uploads\/2023\/11\/icone-de-tique-ronde-orange-300x300.png\" alt=\"\" width=\"25\" height=\"25\" \/> <\/span><span style=\"color: #000000;\">Proporcionamos todo lo necesario para que la implementaci\u00f3n sea exitosa. Brindamos Equipos (Impresores, Lectores, HandHeld, entre otros.), Suministros (Ribbon y Etiquetas).<\/span><\/p>\t\t\t\t\t\t<\/div>\n\t\t\t\t<\/div>\n\t\t\t\t<\/div>\n\t\t<div class=\"elementor-element elementor-element-b404ee4 e-con-full e-flex e-con e-child\" data-id=\"b404ee4\" data-element_type=\"container\" data-settings=\"{&quot;content_width&quot;:&quot;full&quot;}\">\n\t\t\t\t<div class=\"elementor-element elementor-element-66fd39b elementor-invisible elementor-widget elementor-widget-image\" data-id=\"66fd39b\" data-element_type=\"widget\" data-settings=\"{&quot;_animation&quot;:&quot;fadeInRight&quot;}\" data-widget_type=\"image.default\">\n\t\t\t\t<div class=\"elementor-widget-container\">\n\t\t\t<style>\/*! elementor - v3.17.0 - 08-11-2023 *\/\n.elementor-widget-image{text-align:center}.elementor-widget-image a{display:inline-block}.elementor-widget-image a img[src$=\".svg\"]{width:48px}.elementor-widget-image img{vertical-align:middle;display:inline-block}<\/style>\t\t\t\t\t\t\t\t\t\t\t\t<img fetchpriority=\"high\" decoding=\"async\" width=\"768\" height=\"787\" src=\"https:\/\/bcs.com.sv\/wp-content\/uploads\/2023\/11\/4-768x787.png\" class=\"attachment-medium_large size-medium_large wp-image-414\" alt=\"\" srcset=\"https:\/\/bcs.com.sv\/wp-content\/uploads\/2023\/11\/4-768x787.png 768w, https:\/\/bcs.com.sv\/wp-content\/uploads\/2023\/11\/4-293x300.png 293w, https:\/\/bcs.com.sv\/wp-content\/uploads\/2023\/11\/4.png 798w\" sizes=\"(max-width: 768px) 100vw, 768px\" \/>\t\t\t\t\t\t\t\t\t\t\t\t\t\t\t<\/div>\n\t\t\t\t<\/div>\n\t\t\t\t<\/div>\n\t\t\t\t\t<\/div>\n\t\t\t\t<\/div>\n\t\t\t\t\t\t\t<\/div>\n\t\t","protected":false},"excerpt":{"rendered":"<p>Implementacion c\u00f3digo de barras Efectuamos un inventario f\u00edsico donde nos dirigimos en la relaci\u00f3n detallada y minuciosa de las existencias de sus bienes y\/o mercanc\u00edas y luego procedemos a la&hellip;<\/p>\n","protected":false},"author":1,"featured_media":0,"parent":0,"menu_order":0,"comment_status":"closed","ping_status":"closed","template":"page-templates\/template-sinatra-fullwidth.php","meta":{"footnotes":"","_joinchat":[]},"_links":{"self":[{"href":"https:\/\/bcs.com.sv\/index.php?rest_route=\/wp\/v2\/pages\/276"}],"collection":[{"href":"https:\/\/bcs.com.sv\/index.php?rest_route=\/wp\/v2\/pages"}],"about":[{"href":"https:\/\/bcs.com.sv\/index.php?rest_route=\/wp\/v2\/types\/page"}],"author":[{"embeddable":true,"href":"https:\/\/bcs.com.sv\/index.php?rest_route=\/wp\/v2\/users\/1"}],"replies":[{"embeddable":true,"href":"https:\/\/bcs.com.sv\/index.php?rest_route=%2Fwp%2Fv2%2Fcomments&post=276"}],"version-history":[{"count":7,"href":"https:\/\/bcs.com.sv\/index.php?rest_route=\/wp\/v2\/pages\/276\/revisions"}],"predecessor-version":[{"id":419,"href":"https:\/\/bcs.com.sv\/index.php?rest_route=\/wp\/v2\/pages\/276\/revisions\/419"}],"wp:attachment":[{"href":"https:\/\/bcs.com.sv\/index.php?rest_route=%2Fwp%2Fv2%2Fmedia&parent=276"}],"curies":[{"name":"wp","href":"https:\/\/api.w.org\/{rel}","templated":true}]}}