{"id":265,"date":"2023-11-11T17:49:13","date_gmt":"2023-11-11T23:49:13","guid":{"rendered":"https:\/\/bcs.com.sv\/?page_id=265"},"modified":"2023-11-23T23:19:03","modified_gmt":"2023-11-24T05:19:03","slug":"implementacion-de-aplicaciones-y-desarrollo-de-software","status":"publish","type":"page","link":"https:\/\/bcs.com.sv\/?page_id=265","title":{"rendered":"Implementaci\u00f3n de Aplicaciones y Desarrollo de Software"},"content":{"rendered":"\t\t<div data-elementor-type=\"wp-page\" data-elementor-id=\"265\" class=\"elementor elementor-265\">\n\t\t\t\t\t\t\t<div class=\"elementor-element elementor-element-06ecc70 e-flex e-con-boxed e-con e-parent\" data-id=\"06ecc70\" data-element_type=\"container\" data-settings=\"{&quot;content_width&quot;:&quot;boxed&quot;}\" data-core-v316-plus=\"true\">\n\t\t\t\t\t<div class=\"e-con-inner\">\n\t\t\t\t<div class=\"elementor-element elementor-element-5836685 elementor-widget elementor-widget-heading\" data-id=\"5836685\" data-element_type=\"widget\" data-widget_type=\"heading.default\">\n\t\t\t\t<div class=\"elementor-widget-container\">\n\t\t\t<style>\/*! elementor - v3.17.0 - 08-11-2023 *\/\n.elementor-heading-title{padding:0;margin:0;line-height:1}.elementor-widget-heading .elementor-heading-title[class*=elementor-size-]>a{color:inherit;font-size:inherit;line-height:inherit}.elementor-widget-heading .elementor-heading-title.elementor-size-small{font-size:15px}.elementor-widget-heading .elementor-heading-title.elementor-size-medium{font-size:19px}.elementor-widget-heading .elementor-heading-title.elementor-size-large{font-size:29px}.elementor-widget-heading .elementor-heading-title.elementor-size-xl{font-size:39px}.elementor-widget-heading .elementor-heading-title.elementor-size-xxl{font-size:59px}<\/style><h4 class=\"elementor-heading-title elementor-size-default\">Implementaci\u00f3n de Aplicaciones y Desarrollo de Software<\/h4>\t\t<\/div>\n\t\t\t\t<\/div>\n\t\t\t\t\t<\/div>\n\t\t\t\t<\/div>\n\t\t<div class=\"elementor-element elementor-element-a955aa4 e-flex e-con-boxed e-con e-parent\" data-id=\"a955aa4\" data-element_type=\"container\" data-settings=\"{&quot;content_width&quot;:&quot;boxed&quot;}\" data-core-v316-plus=\"true\">\n\t\t\t\t\t<div class=\"e-con-inner\">\n\t\t<div class=\"elementor-element elementor-element-d48f2a4 e-con-full e-flex e-con e-child\" data-id=\"d48f2a4\" data-element_type=\"container\" data-settings=\"{&quot;content_width&quot;:&quot;full&quot;}\">\n\t\t\t\t<div class=\"elementor-element elementor-element-b0ff2d7 elementor-invisible elementor-widget elementor-widget-text-editor\" data-id=\"b0ff2d7\" data-element_type=\"widget\" data-settings=\"{&quot;_animation&quot;:&quot;fadeInLeft&quot;}\" data-widget_type=\"text-editor.default\">\n\t\t\t\t<div class=\"elementor-widget-container\">\n\t\t\t<style>\/*! elementor - v3.17.0 - 08-11-2023 *\/\n.elementor-widget-text-editor.elementor-drop-cap-view-stacked .elementor-drop-cap{background-color:#69727d;color:#fff}.elementor-widget-text-editor.elementor-drop-cap-view-framed .elementor-drop-cap{color:#69727d;border:3px solid;background-color:transparent}.elementor-widget-text-editor:not(.elementor-drop-cap-view-default) .elementor-drop-cap{margin-top:8px}.elementor-widget-text-editor:not(.elementor-drop-cap-view-default) .elementor-drop-cap-letter{width:1em;height:1em}.elementor-widget-text-editor .elementor-drop-cap{float:left;text-align:center;line-height:1;font-size:50px}.elementor-widget-text-editor .elementor-drop-cap-letter{display:inline-block}<\/style>\t\t\t\t<h4><strong><span style=\"color: #000000;\">Administraci\u00f3n de Fuerza de Ventas por Ruteo<\/span><\/strong><\/h4><p><span style=\"color: #000000;\">Sistema dise\u00f1ado para la automatizaci\u00f3n de rutas de ventas que provee toda la informaci\u00f3n referente a los productos y los clientes, niveles y pol\u00edticas de cr\u00e9ditos, estados de cuenta y otros.<\/span><\/p>\t\t\t\t\t\t<\/div>\n\t\t\t\t<\/div>\n\t\t\t\t<\/div>\n\t\t<div class=\"elementor-element elementor-element-860df9f e-con-full e-flex e-con e-child\" data-id=\"860df9f\" data-element_type=\"container\" data-settings=\"{&quot;content_width&quot;:&quot;full&quot;}\">\n\t\t\t\t<div class=\"elementor-element elementor-element-2f4061f elementor-invisible elementor-widget elementor-widget-image\" data-id=\"2f4061f\" data-element_type=\"widget\" data-settings=\"{&quot;_animation&quot;:&quot;fadeInRight&quot;}\" data-widget_type=\"image.default\">\n\t\t\t\t<div class=\"elementor-widget-container\">\n\t\t\t<style>\/*! elementor - v3.17.0 - 08-11-2023 *\/\n.elementor-widget-image{text-align:center}.elementor-widget-image a{display:inline-block}.elementor-widget-image a img[src$=\".svg\"]{width:48px}.elementor-widget-image img{vertical-align:middle;display:inline-block}<\/style>\t\t\t\t\t\t\t\t\t\t\t\t<img fetchpriority=\"high\" decoding=\"async\" width=\"300\" height=\"270\" src=\"https:\/\/bcs.com.sv\/wp-content\/uploads\/2023\/11\/Imagen-1-300x270.png\" class=\"attachment-medium size-medium wp-image-268\" alt=\"\" srcset=\"https:\/\/bcs.com.sv\/wp-content\/uploads\/2023\/11\/Imagen-1-300x270.png 300w, https:\/\/bcs.com.sv\/wp-content\/uploads\/2023\/11\/Imagen-1.png 404w\" sizes=\"(max-width: 300px) 100vw, 300px\" \/>\t\t\t\t\t\t\t\t\t\t\t\t\t\t\t<\/div>\n\t\t\t\t<\/div>\n\t\t\t\t<\/div>\n\t\t\t\t\t<\/div>\n\t\t\t\t<\/div>\n\t\t<div class=\"elementor-element elementor-element-7fe5abe e-flex e-con-boxed e-con e-parent\" data-id=\"7fe5abe\" data-element_type=\"container\" data-settings=\"{&quot;content_width&quot;:&quot;boxed&quot;}\" data-core-v316-plus=\"true\">\n\t\t\t\t\t<div class=\"e-con-inner\">\n\t\t<div class=\"elementor-element elementor-element-69062d2 e-con-full e-flex e-con e-child\" data-id=\"69062d2\" data-element_type=\"container\" data-settings=\"{&quot;content_width&quot;:&quot;full&quot;}\">\n\t\t\t\t<div class=\"elementor-element elementor-element-624b0fa elementor-invisible elementor-widget elementor-widget-image\" data-id=\"624b0fa\" data-element_type=\"widget\" data-settings=\"{&quot;_animation&quot;:&quot;fadeInLeft&quot;}\" data-widget_type=\"image.default\">\n\t\t\t\t<div class=\"elementor-widget-container\">\n\t\t\t\t\t\t\t\t\t\t\t\t\t\t\t<img decoding=\"async\" width=\"257\" height=\"300\" src=\"https:\/\/bcs.com.sv\/wp-content\/uploads\/2023\/11\/2-257x300.png\" class=\"attachment-medium size-medium wp-image-269\" alt=\"\" srcset=\"https:\/\/bcs.com.sv\/wp-content\/uploads\/2023\/11\/2-257x300.png 257w, https:\/\/bcs.com.sv\/wp-content\/uploads\/2023\/11\/2.png 383w\" sizes=\"(max-width: 257px) 100vw, 257px\" \/>\t\t\t\t\t\t\t\t\t\t\t\t\t\t\t<\/div>\n\t\t\t\t<\/div>\n\t\t\t\t<\/div>\n\t\t<div class=\"elementor-element elementor-element-10c88e0 e-con-full e-flex e-con e-child\" data-id=\"10c88e0\" data-element_type=\"container\" data-settings=\"{&quot;content_width&quot;:&quot;full&quot;}\">\n\t\t\t\t<div class=\"elementor-element elementor-element-5b64193 elementor-invisible elementor-widget elementor-widget-text-editor\" data-id=\"5b64193\" data-element_type=\"widget\" data-settings=\"{&quot;_animation&quot;:&quot;fadeInRight&quot;}\" data-widget_type=\"text-editor.default\">\n\t\t\t\t<div class=\"elementor-widget-container\">\n\t\t\t\t\t\t\t<h4><span style=\"color: #000000;\">Software de Gesti\u00f3n de Almacenes | SGA- WMS<\/span><\/h4><p><span style=\"color: #000000;\">Sistema de administraci\u00f3n de bodegas, por medio de c\u00f3digos de barras, esc\u00e1neres de mano, redes inal\u00e1mbricas y tecnolog\u00eda RFID. Permite la optimizaci\u00f3n del manejo de personal, equipo, espacio y materiales de la bodega, disminuyendo los errores de los env\u00edos, despachos y selecci\u00f3n de productos.<\/span><\/p>\t\t\t\t\t\t<\/div>\n\t\t\t\t<\/div>\n\t\t\t\t<\/div>\n\t\t\t\t\t<\/div>\n\t\t\t\t<\/div>\n\t\t<div class=\"elementor-element elementor-element-f7b0855 e-flex e-con-boxed elementor-invisible e-con e-parent\" data-id=\"f7b0855\" data-element_type=\"container\" data-settings=\"{&quot;animation&quot;:&quot;fadeInDown&quot;,&quot;content_width&quot;:&quot;boxed&quot;}\" data-core-v316-plus=\"true\">\n\t\t\t\t\t<div class=\"e-con-inner\">\n\t\t\t\t<div class=\"elementor-element elementor-element-6d852fb elementor-widget elementor-widget-text-editor\" data-id=\"6d852fb\" data-element_type=\"widget\" data-widget_type=\"text-editor.default\">\n\t\t\t\t<div class=\"elementor-widget-container\">\n\t\t\t\t\t\t\t<h4><span style=\"color: #000000;\">Software para el Control del Activo Fijo<\/span><\/h4><p><span style=\"color: #000000;\">Permite controlar de forma precisa la identificaci\u00f3n y ubicaci\u00f3n de los activos de la empresa por medio de la utilizaci\u00f3n de c\u00f3digos de barras y lectores m\u00f3viles o handheld. Asignaci\u00f3n de activos a los empleados, etc.<\/span><\/p>\t\t\t\t\t\t<\/div>\n\t\t\t\t<\/div>\n\t\t\t\t<div class=\"elementor-element elementor-element-aa7de76 elementor-widget elementor-widget-image\" data-id=\"aa7de76\" data-element_type=\"widget\" data-widget_type=\"image.default\">\n\t\t\t\t<div class=\"elementor-widget-container\">\n\t\t\t\t\t\t\t\t\t\t\t\t\t\t\t<img decoding=\"async\" width=\"768\" height=\"384\" src=\"https:\/\/bcs.com.sv\/wp-content\/uploads\/2023\/11\/slide2-768x384.jpg\" class=\"attachment-medium_large size-medium_large wp-image-38\" alt=\"\" srcset=\"https:\/\/bcs.com.sv\/wp-content\/uploads\/2023\/11\/slide2-768x384.jpg 768w, https:\/\/bcs.com.sv\/wp-content\/uploads\/2023\/11\/slide2-300x150.jpg 300w, https:\/\/bcs.com.sv\/wp-content\/uploads\/2023\/11\/slide2-1024x512.jpg 1024w, https:\/\/bcs.com.sv\/wp-content\/uploads\/2023\/11\/slide2.jpg 1200w\" sizes=\"(max-width: 768px) 100vw, 768px\" \/>\t\t\t\t\t\t\t\t\t\t\t\t\t\t\t<\/div>\n\t\t\t\t<\/div>\n\t\t\t\t\t<\/div>\n\t\t\t\t<\/div>\n\t\t\t\t\t\t\t<\/div>\n\t\t","protected":false},"excerpt":{"rendered":"<p>Implementaci\u00f3n de Aplicaciones y Desarrollo de Software Administraci\u00f3n de Fuerza de Ventas por Ruteo Sistema dise\u00f1ado para la automatizaci\u00f3n de rutas de ventas que provee toda la informaci\u00f3n referente a&hellip;<\/p>\n","protected":false},"author":1,"featured_media":0,"parent":0,"menu_order":0,"comment_status":"closed","ping_status":"closed","template":"elementor_header_footer","meta":{"footnotes":"","_joinchat":[]},"_links":{"self":[{"href":"https:\/\/bcs.com.sv\/index.php?rest_route=\/wp\/v2\/pages\/265"}],"collection":[{"href":"https:\/\/bcs.com.sv\/index.php?rest_route=\/wp\/v2\/pages"}],"about":[{"href":"https:\/\/bcs.com.sv\/index.php?rest_route=\/wp\/v2\/types\/page"}],"author":[{"embeddable":true,"href":"https:\/\/bcs.com.sv\/index.php?rest_route=\/wp\/v2\/users\/1"}],"replies":[{"embeddable":true,"href":"https:\/\/bcs.com.sv\/index.php?rest_route=%2Fwp%2Fv2%2Fcomments&post=265"}],"version-history":[{"count":10,"href":"https:\/\/bcs.com.sv\/index.php?rest_route=\/wp\/v2\/pages\/265\/revisions"}],"predecessor-version":[{"id":328,"href":"https:\/\/bcs.com.sv\/index.php?rest_route=\/wp\/v2\/pages\/265\/revisions\/328"}],"wp:attachment":[{"href":"https:\/\/bcs.com.sv\/index.php?rest_route=%2Fwp%2Fv2%2Fmedia&parent=265"}],"curies":[{"name":"wp","href":"https:\/\/api.w.org\/{rel}","templated":true}]}}