{"id":207,"date":"2023-11-11T15:51:45","date_gmt":"2023-11-11T21:51:45","guid":{"rendered":"https:\/\/bcs.com.sv\/?page_id=207"},"modified":"2023-11-23T23:37:07","modified_gmt":"2023-11-24T05:37:07","slug":"consumibles","status":"publish","type":"page","link":"https:\/\/bcs.com.sv\/?page_id=207","title":{"rendered":"Consumibles"},"content":{"rendered":"\t\t<div data-elementor-type=\"wp-page\" data-elementor-id=\"207\" class=\"elementor elementor-207\">\n\t\t\t\t\t\t\t<div class=\"elementor-element elementor-element-52a4074 e-flex e-con-boxed e-con e-parent\" data-id=\"52a4074\" data-element_type=\"container\" data-settings=\"{&quot;content_width&quot;:&quot;boxed&quot;}\" data-core-v316-plus=\"true\">\n\t\t\t\t\t<div class=\"e-con-inner\">\n\t\t\t\t<div class=\"elementor-element elementor-element-9f365cd elementor-widget elementor-widget-heading\" data-id=\"9f365cd\" data-element_type=\"widget\" data-widget_type=\"heading.default\">\n\t\t\t\t<div class=\"elementor-widget-container\">\n\t\t\t<style>\/*! elementor - v3.17.0 - 08-11-2023 *\/\n.elementor-heading-title{padding:0;margin:0;line-height:1}.elementor-widget-heading .elementor-heading-title[class*=elementor-size-]>a{color:inherit;font-size:inherit;line-height:inherit}.elementor-widget-heading .elementor-heading-title.elementor-size-small{font-size:15px}.elementor-widget-heading .elementor-heading-title.elementor-size-medium{font-size:19px}.elementor-widget-heading .elementor-heading-title.elementor-size-large{font-size:29px}.elementor-widget-heading .elementor-heading-title.elementor-size-xl{font-size:39px}.elementor-widget-heading .elementor-heading-title.elementor-size-xxl{font-size:59px}<\/style><h4 class=\"elementor-heading-title elementor-size-default\">Consumibles<\/h4>\t\t<\/div>\n\t\t\t\t<\/div>\n\t\t\t\t\t<\/div>\n\t\t\t\t<\/div>\n\t\t<div class=\"elementor-element elementor-element-60463b7 e-flex e-con-boxed e-con e-parent\" data-id=\"60463b7\" data-element_type=\"container\" data-settings=\"{&quot;content_width&quot;:&quot;boxed&quot;}\" data-core-v316-plus=\"true\">\n\t\t\t\t\t<div class=\"e-con-inner\">\n\t\t<div class=\"elementor-element elementor-element-ba3db92 e-con-full e-flex e-con e-child\" data-id=\"ba3db92\" data-element_type=\"container\" data-settings=\"{&quot;content_width&quot;:&quot;full&quot;}\">\n\t\t\t\t<div class=\"elementor-element elementor-element-d48da0e elementor-invisible elementor-widget elementor-widget-text-editor\" data-id=\"d48da0e\" data-element_type=\"widget\" data-settings=\"{&quot;_animation&quot;:&quot;fadeInLeft&quot;}\" data-widget_type=\"text-editor.default\">\n\t\t\t\t<div class=\"elementor-widget-container\">\n\t\t\t<style>\/*! elementor - v3.17.0 - 08-11-2023 *\/\n.elementor-widget-text-editor.elementor-drop-cap-view-stacked .elementor-drop-cap{background-color:#69727d;color:#fff}.elementor-widget-text-editor.elementor-drop-cap-view-framed .elementor-drop-cap{color:#69727d;border:3px solid;background-color:transparent}.elementor-widget-text-editor:not(.elementor-drop-cap-view-default) .elementor-drop-cap{margin-top:8px}.elementor-widget-text-editor:not(.elementor-drop-cap-view-default) .elementor-drop-cap-letter{width:1em;height:1em}.elementor-widget-text-editor .elementor-drop-cap{float:left;text-align:center;line-height:1;font-size:50px}.elementor-widget-text-editor .elementor-drop-cap-letter{display:inline-block}<\/style>\t\t\t\t<p><span style=\"color: #000000;\">Ofrecemos una amplia gama de materiales para satisfacer necesidades de etiquetado en todo tipo de industria y aplicaciones<\/span><\/p><p><span style=\"color: #000000;\"><strong>Etiquetas<\/strong><\/span><\/p><p><span style=\"color: #000000;\">Contamos con surtido de etiquetas para las distintas necesidades como:<\/span><\/p><p><span style=\"color: #000000;\"><strong>Etiquetas de Alta Duraci\u00f3n en Materiales Sint\u00e9ticos:<\/strong><\/span><\/p><p><span style=\"color: #000000;\">Fabricadas en polyester de alta duraci\u00f3n y adherencia, usada en superficies lizas, resistente a rasgu\u00f1os, l\u00edquidos, solventes, y qu\u00edmicos moderados, su duraci\u00f3n estimada en condiciones extremas es de 3 a\u00f1os al aire libre, y de m\u00e1s de 10 en ambientes controlados, disponible en colores blanco brilloso y plateado metalizado. Tambi\u00e9n disponemos de etiquetas de papel.<\/span><\/p>\t\t\t\t\t\t<\/div>\n\t\t\t\t<\/div>\n\t\t\t\t<\/div>\n\t\t<div class=\"elementor-element elementor-element-9b0ba08 e-con-full e-flex e-con e-child\" data-id=\"9b0ba08\" data-element_type=\"container\" data-settings=\"{&quot;content_width&quot;:&quot;full&quot;}\">\n\t\t\t\t<div class=\"elementor-element elementor-element-71ab28b elementor-invisible elementor-widget elementor-widget-image\" data-id=\"71ab28b\" data-element_type=\"widget\" data-settings=\"{&quot;_animation&quot;:&quot;fadeInRight&quot;}\" data-widget_type=\"image.default\">\n\t\t\t\t<div class=\"elementor-widget-container\">\n\t\t\t<style>\/*! elementor - v3.17.0 - 08-11-2023 *\/\n.elementor-widget-image{text-align:center}.elementor-widget-image a{display:inline-block}.elementor-widget-image a img[src$=\".svg\"]{width:48px}.elementor-widget-image img{vertical-align:middle;display:inline-block}<\/style>\t\t\t\t\t\t\t\t\t\t\t\t<img fetchpriority=\"high\" decoding=\"async\" width=\"300\" height=\"168\" src=\"https:\/\/bcs.com.sv\/wp-content\/uploads\/2023\/11\/descarga-1.png\" class=\"attachment-medium size-medium wp-image-316\" alt=\"\" \/>\t\t\t\t\t\t\t\t\t\t\t\t\t\t\t<\/div>\n\t\t\t\t<\/div>\n\t\t\t\t<\/div>\n\t\t\t\t\t<\/div>\n\t\t\t\t<\/div>\n\t\t<div class=\"elementor-element elementor-element-6529977 e-flex e-con-boxed e-con e-parent\" data-id=\"6529977\" data-element_type=\"container\" data-settings=\"{&quot;content_width&quot;:&quot;boxed&quot;}\" data-core-v316-plus=\"true\">\n\t\t\t\t\t<div class=\"e-con-inner\">\n\t\t<div class=\"elementor-element elementor-element-9427aed e-con-full e-flex e-con e-child\" data-id=\"9427aed\" data-element_type=\"container\" data-settings=\"{&quot;content_width&quot;:&quot;full&quot;}\">\n\t\t\t\t<div class=\"elementor-element elementor-element-3fe2af7 elementor-invisible elementor-widget elementor-widget-text-editor\" data-id=\"3fe2af7\" data-element_type=\"widget\" data-settings=\"{&quot;_animation&quot;:&quot;fadeInLeft&quot;}\" data-widget_type=\"text-editor.default\">\n\t\t\t\t<div class=\"elementor-widget-container\">\n\t\t\t\t\t\t\t<p><span style=\"color: #000000;\"><strong>\u00a0Ribbon.<\/strong><\/span><\/p><p><span style=\"color: #000000;\">Tenemos el ribbon adecuado a sus necesidades, ya sea que se trate de ribbons de cera, resina o cera\/resina, ahora con la Novedad en color <strong>AZUL.<\/strong><\/span><\/p><p><span style=\"color: #000000;\"><strong>Ribbons de Cera: <\/strong>recomendados para imprimir en etiqueta de papel; son inigualables en una relaci\u00f3n desempe\u00f1o\/precio.<\/span><\/p><p><span style=\"color: #000000;\"><strong>Ribbons de Resina: <\/strong>son la mejor opci\u00f3n en cuanto a resistencia a la abrasi\u00f3n y a los agentes qu\u00edmicos bajo una amplia gama de ambientes agresivos.<\/span><\/p><p><span style=\"color: #000000;\"><strong>Ribbons de cera\/resina: <\/strong>est\u00e1n formuladas para ofrecer impresiones duraderas de muy alta calidad, tanto de c\u00f3digos de barras como de gr\u00e1ficos y texto.<\/span><\/p>\t\t\t\t\t\t<\/div>\n\t\t\t\t<\/div>\n\t\t\t\t<\/div>\n\t\t<div class=\"elementor-element elementor-element-84269ae e-con-full e-flex e-con e-child\" data-id=\"84269ae\" data-element_type=\"container\" data-settings=\"{&quot;content_width&quot;:&quot;full&quot;}\">\n\t\t\t\t<div class=\"elementor-element elementor-element-19dd1ea elementor-invisible elementor-widget elementor-widget-image\" data-id=\"19dd1ea\" data-element_type=\"widget\" data-settings=\"{&quot;_animation&quot;:&quot;fadeInRight&quot;}\" data-widget_type=\"image.default\">\n\t\t\t\t<div class=\"elementor-widget-container\">\n\t\t\t\t\t\t\t\t\t\t\t\t\t\t\t<img decoding=\"async\" width=\"600\" height=\"384\" src=\"https:\/\/bcs.com.sv\/wp-content\/uploads\/2023\/11\/WhatsApp-Image-2023-09-19-at-6.15.30-PM-600x384-1.jpeg\" class=\"attachment-medium_large size-medium_large wp-image-151\" alt=\"\" srcset=\"https:\/\/bcs.com.sv\/wp-content\/uploads\/2023\/11\/WhatsApp-Image-2023-09-19-at-6.15.30-PM-600x384-1.jpeg 600w, https:\/\/bcs.com.sv\/wp-content\/uploads\/2023\/11\/WhatsApp-Image-2023-09-19-at-6.15.30-PM-600x384-1-300x192.jpeg 300w\" sizes=\"(max-width: 600px) 100vw, 600px\" \/>\t\t\t\t\t\t\t\t\t\t\t\t\t\t\t<\/div>\n\t\t\t\t<\/div>\n\t\t\t\t<\/div>\n\t\t\t\t\t<\/div>\n\t\t\t\t<\/div>\n\t\t\t\t\t\t\t<\/div>\n\t\t","protected":false},"excerpt":{"rendered":"<p>Consumibles Ofrecemos una amplia gama de materiales para satisfacer necesidades de etiquetado en todo tipo de industria y aplicaciones Etiquetas Contamos con surtido de etiquetas para las distintas necesidades como:&hellip;<\/p>\n","protected":false},"author":1,"featured_media":0,"parent":0,"menu_order":0,"comment_status":"closed","ping_status":"closed","template":"elementor_header_footer","meta":{"footnotes":"","_joinchat":[]},"_links":{"self":[{"href":"https:\/\/bcs.com.sv\/index.php?rest_route=\/wp\/v2\/pages\/207"}],"collection":[{"href":"https:\/\/bcs.com.sv\/index.php?rest_route=\/wp\/v2\/pages"}],"about":[{"href":"https:\/\/bcs.com.sv\/index.php?rest_route=\/wp\/v2\/types\/page"}],"author":[{"embeddable":true,"href":"https:\/\/bcs.com.sv\/index.php?rest_route=\/wp\/v2\/users\/1"}],"replies":[{"embeddable":true,"href":"https:\/\/bcs.com.sv\/index.php?rest_route=%2Fwp%2Fv2%2Fcomments&post=207"}],"version-history":[{"count":16,"href":"https:\/\/bcs.com.sv\/index.php?rest_route=\/wp\/v2\/pages\/207\/revisions"}],"predecessor-version":[{"id":369,"href":"https:\/\/bcs.com.sv\/index.php?rest_route=\/wp\/v2\/pages\/207\/revisions\/369"}],"wp:attachment":[{"href":"https:\/\/bcs.com.sv\/index.php?rest_route=%2Fwp%2Fv2%2Fmedia&parent=207"}],"curies":[{"name":"wp","href":"https:\/\/api.w.org\/{rel}","templated":true}]}}