{"id":195,"date":"2023-11-11T15:49:57","date_gmt":"2023-11-11T21:49:57","guid":{"rendered":"https:\/\/bcs.com.sv\/?page_id=195"},"modified":"2023-11-23T23:31:03","modified_gmt":"2023-11-24T05:31:03","slug":"carnetizacion","status":"publish","type":"page","link":"https:\/\/bcs.com.sv\/?page_id=195","title":{"rendered":"Carnetizaci\u00f3n"},"content":{"rendered":"\t\t<div data-elementor-type=\"wp-page\" data-elementor-id=\"195\" class=\"elementor elementor-195\">\n\t\t\t\t\t\t\t<div class=\"elementor-element elementor-element-a8ef0e1 e-flex e-con-boxed e-con e-parent\" data-id=\"a8ef0e1\" data-element_type=\"container\" data-settings=\"{&quot;content_width&quot;:&quot;boxed&quot;}\" data-core-v316-plus=\"true\">\n\t\t\t\t\t<div class=\"e-con-inner\">\n\t\t\t\t<div class=\"elementor-element elementor-element-819e723 elementor-widget elementor-widget-text-editor\" data-id=\"819e723\" data-element_type=\"widget\" data-widget_type=\"text-editor.default\">\n\t\t\t\t<div class=\"elementor-widget-container\">\n\t\t\t<style>\/*! elementor - v3.17.0 - 08-11-2023 *\/\n.elementor-widget-text-editor.elementor-drop-cap-view-stacked .elementor-drop-cap{background-color:#69727d;color:#fff}.elementor-widget-text-editor.elementor-drop-cap-view-framed .elementor-drop-cap{color:#69727d;border:3px solid;background-color:transparent}.elementor-widget-text-editor:not(.elementor-drop-cap-view-default) .elementor-drop-cap{margin-top:8px}.elementor-widget-text-editor:not(.elementor-drop-cap-view-default) .elementor-drop-cap-letter{width:1em;height:1em}.elementor-widget-text-editor .elementor-drop-cap{float:left;text-align:center;line-height:1;font-size:50px}.elementor-widget-text-editor .elementor-drop-cap-letter{display:inline-block}<\/style>\t\t\t\t<h3><strong><span style=\"color: #000000;\">Carnetizaci\u00f3n.<\/span><\/strong><\/h3><p><span style=\"color: #000000;\">Obtenga todo lo que necesita de forma r\u00e1pida, f\u00e1cil y rentable hacer tarjetas de identificaci\u00f3n de calidad profesional. Control e Identificaci\u00f3n por medio de la credencializaci\u00f3n. Eficiencia en programas de Fidelizaci\u00f3n Comercial<\/span><\/p>\t\t\t\t\t\t<\/div>\n\t\t\t\t<\/div>\n\t\t\t\t<div class=\"elementor-element elementor-element-891d5e3 elementor-widget elementor-widget-image-gallery\" data-id=\"891d5e3\" data-element_type=\"widget\" data-widget_type=\"image-gallery.default\">\n\t\t\t\t<div class=\"elementor-widget-container\">\n\t\t\t<style>\/*! elementor - v3.17.0 - 08-11-2023 *\/\n.elementor-image-gallery .gallery-item{display:inline-block;text-align:center;vertical-align:top;width:100%;max-width:100%;margin:0 auto}.elementor-image-gallery .gallery-item img{margin:0 auto}.elementor-image-gallery .gallery-item .gallery-caption{margin:0}.elementor-image-gallery figure img{display:block}.elementor-image-gallery figure figcaption{width:100%}.gallery-spacing-custom .elementor-image-gallery .gallery-icon{padding:0}@media (min-width:768px){.elementor-image-gallery .gallery-columns-2 .gallery-item{max-width:50%}.elementor-image-gallery .gallery-columns-3 .gallery-item{max-width:33.33%}.elementor-image-gallery .gallery-columns-4 .gallery-item{max-width:25%}.elementor-image-gallery .gallery-columns-5 .gallery-item{max-width:20%}.elementor-image-gallery .gallery-columns-6 .gallery-item{max-width:16.666%}.elementor-image-gallery .gallery-columns-7 .gallery-item{max-width:14.28%}.elementor-image-gallery .gallery-columns-8 .gallery-item{max-width:12.5%}.elementor-image-gallery .gallery-columns-9 .gallery-item{max-width:11.11%}.elementor-image-gallery .gallery-columns-10 .gallery-item{max-width:10%}}@media (min-width:480px) and (max-width:767px){.elementor-image-gallery .gallery.gallery-columns-2 .gallery-item,.elementor-image-gallery .gallery.gallery-columns-3 .gallery-item,.elementor-image-gallery .gallery.gallery-columns-4 .gallery-item,.elementor-image-gallery .gallery.gallery-columns-5 .gallery-item,.elementor-image-gallery .gallery.gallery-columns-6 .gallery-item,.elementor-image-gallery .gallery.gallery-columns-7 .gallery-item,.elementor-image-gallery .gallery.gallery-columns-8 .gallery-item,.elementor-image-gallery .gallery.gallery-columns-9 .gallery-item,.elementor-image-gallery .gallery.gallery-columns-10 .gallery-item{max-width:50%}}@media (max-width:479px){.elementor-image-gallery .gallery.gallery-columns-2 .gallery-item,.elementor-image-gallery .gallery.gallery-columns-3 .gallery-item,.elementor-image-gallery .gallery.gallery-columns-4 .gallery-item,.elementor-image-gallery .gallery.gallery-columns-5 .gallery-item,.elementor-image-gallery .gallery.gallery-columns-6 .gallery-item,.elementor-image-gallery .gallery.gallery-columns-7 .gallery-item,.elementor-image-gallery .gallery.gallery-columns-8 .gallery-item,.elementor-image-gallery .gallery.gallery-columns-9 .gallery-item,.elementor-image-gallery .gallery.gallery-columns-10 .gallery-item{max-width:100%}}<\/style>\t\t<div class=\"elementor-image-gallery\">\n\t\t\t<div id='gallery-1' class='gallery galleryid-195 gallery-columns-1 gallery-size-medium'><figure class='gallery-item'>\n\t\t\t<div class='gallery-icon landscape'>\n\t\t\t\t<a data-elementor-open-lightbox=\"yes\" data-elementor-lightbox-slideshow=\"891d5e3\" data-elementor-lightbox-title=\"kisspng-card-printer-inkjet-printing-plastic-pvc-cards-5b0508fa759a55.2125284815270566344817\" data-e-action-hash=\"#elementor-action%3Aaction%3Dlightbox%26settings%3DeyJpZCI6MTQ5LCJ1cmwiOiJodHRwczpcL1wvYmNzLmNvbS5zdlwvd3AtY29udGVudFwvdXBsb2Fkc1wvMjAyM1wvMTFcL2tpc3NwbmctY2FyZC1wcmludGVyLWlua2pldC1wcmludGluZy1wbGFzdGljLXB2Yy1jYXJkcy01YjA1MDhmYTc1OWE1NS4yMTI1Mjg0ODE1MjcwNTY2MzQ0ODE3LnBuZyIsInNsaWRlc2hvdyI6Ijg5MWQ1ZTMifQ%3D%3D\" href='https:\/\/bcs.com.sv\/wp-content\/uploads\/2023\/11\/kisspng-card-printer-inkjet-printing-plastic-pvc-cards-5b0508fa759a55.2125284815270566344817.png'><img fetchpriority=\"high\" decoding=\"async\" width=\"300\" height=\"300\" src=\"https:\/\/bcs.com.sv\/wp-content\/uploads\/2023\/11\/kisspng-card-printer-inkjet-printing-plastic-pvc-cards-5b0508fa759a55.2125284815270566344817-300x300.png\" class=\"attachment-medium size-medium\" alt=\"\" aria-describedby=\"gallery-1-149\" srcset=\"https:\/\/bcs.com.sv\/wp-content\/uploads\/2023\/11\/kisspng-card-printer-inkjet-printing-plastic-pvc-cards-5b0508fa759a55.2125284815270566344817-300x300.png 300w, https:\/\/bcs.com.sv\/wp-content\/uploads\/2023\/11\/kisspng-card-printer-inkjet-printing-plastic-pvc-cards-5b0508fa759a55.2125284815270566344817-150x150.png 150w, https:\/\/bcs.com.sv\/wp-content\/uploads\/2023\/11\/kisspng-card-printer-inkjet-printing-plastic-pvc-cards-5b0508fa759a55.2125284815270566344817.png 550w\" sizes=\"(max-width: 300px) 100vw, 300px\" \/><\/a>\n\t\t\t<\/div>\n\t\t\t\t<figcaption class='wp-caption-text gallery-caption' id='gallery-1-149'>\n\t\t\t\tCarnetizacion\n\t\t\t\t<\/figcaption><\/figure>\n\t\t<\/div>\n\t\t<\/div>\n\t\t\t\t<\/div>\n\t\t\t\t<\/div>\n\t\t\t\t\t<\/div>\n\t\t\t\t<\/div>\n\t\t\t\t\t\t\t<\/div>\n\t\t","protected":false},"excerpt":{"rendered":"<p>Carnetizaci\u00f3n. Obtenga todo lo que necesita de forma r\u00e1pida, f\u00e1cil y rentable hacer tarjetas de identificaci\u00f3n de calidad profesional. Control e Identificaci\u00f3n por medio de la credencializaci\u00f3n. Eficiencia en programas&hellip;<\/p>\n","protected":false},"author":1,"featured_media":0,"parent":0,"menu_order":0,"comment_status":"closed","ping_status":"closed","template":"elementor_header_footer","meta":{"footnotes":"","_joinchat":[]},"_links":{"self":[{"href":"https:\/\/bcs.com.sv\/index.php?rest_route=\/wp\/v2\/pages\/195"}],"collection":[{"href":"https:\/\/bcs.com.sv\/index.php?rest_route=\/wp\/v2\/pages"}],"about":[{"href":"https:\/\/bcs.com.sv\/index.php?rest_route=\/wp\/v2\/types\/page"}],"author":[{"embeddable":true,"href":"https:\/\/bcs.com.sv\/index.php?rest_route=\/wp\/v2\/users\/1"}],"replies":[{"embeddable":true,"href":"https:\/\/bcs.com.sv\/index.php?rest_route=%2Fwp%2Fv2%2Fcomments&post=195"}],"version-history":[{"count":7,"href":"https:\/\/bcs.com.sv\/index.php?rest_route=\/wp\/v2\/pages\/195\/revisions"}],"predecessor-version":[{"id":360,"href":"https:\/\/bcs.com.sv\/index.php?rest_route=\/wp\/v2\/pages\/195\/revisions\/360"}],"wp:attachment":[{"href":"https:\/\/bcs.com.sv\/index.php?rest_route=%2Fwp%2Fv2%2Fmedia&parent=195"}],"curies":[{"name":"wp","href":"https:\/\/api.w.org\/{rel}","templated":true}]}}