{"id":169,"date":"2023-11-11T15:38:14","date_gmt":"2023-11-11T21:38:14","guid":{"rendered":"https:\/\/bcs.com.sv\/?page_id=169"},"modified":"2023-11-23T23:29:35","modified_gmt":"2023-11-24T05:29:35","slug":"impresoras","status":"publish","type":"page","link":"https:\/\/bcs.com.sv\/?page_id=169","title":{"rendered":"Impresoras"},"content":{"rendered":"\t\t<div data-elementor-type=\"wp-page\" data-elementor-id=\"169\" class=\"elementor elementor-169\">\n\t\t\t\t\t\t\t<div class=\"elementor-element elementor-element-22b7adb e-flex e-con-boxed e-con e-parent\" data-id=\"22b7adb\" data-element_type=\"container\" data-settings=\"{&quot;content_width&quot;:&quot;boxed&quot;}\" data-core-v316-plus=\"true\">\n\t\t\t\t\t<div class=\"e-con-inner\">\n\t\t\t\t<div class=\"elementor-element elementor-element-0252635 elementor-widget elementor-widget-text-editor\" data-id=\"0252635\" data-element_type=\"widget\" data-widget_type=\"text-editor.default\">\n\t\t\t\t<div class=\"elementor-widget-container\">\n\t\t\t<style>\/*! elementor - v3.17.0 - 08-11-2023 *\/\n.elementor-widget-text-editor.elementor-drop-cap-view-stacked .elementor-drop-cap{background-color:#69727d;color:#fff}.elementor-widget-text-editor.elementor-drop-cap-view-framed .elementor-drop-cap{color:#69727d;border:3px solid;background-color:transparent}.elementor-widget-text-editor:not(.elementor-drop-cap-view-default) .elementor-drop-cap{margin-top:8px}.elementor-widget-text-editor:not(.elementor-drop-cap-view-default) .elementor-drop-cap-letter{width:1em;height:1em}.elementor-widget-text-editor .elementor-drop-cap{float:left;text-align:center;line-height:1;font-size:50px}.elementor-widget-text-editor .elementor-drop-cap-letter{display:inline-block}<\/style>\t\t\t\t<h3><span style=\"color: #000000;\">Impresores:<\/span><\/h3><p><span style=\"color: #000000;\">Impresores de transferencia t\u00e9rmica y t\u00e9rmico directo para c\u00f3digos de barra de acuerdo al volumen de etiquetas que el cliente necesite producir.<\/span><\/p>\t\t\t\t\t\t<\/div>\n\t\t\t\t<\/div>\n\t\t\t\t<div class=\"elementor-element elementor-element-d52b084 gallery-spacing-custom elementor-widget elementor-widget-image-gallery\" data-id=\"d52b084\" data-element_type=\"widget\" data-widget_type=\"image-gallery.default\">\n\t\t\t\t<div class=\"elementor-widget-container\">\n\t\t\t<style>\/*! elementor - v3.17.0 - 08-11-2023 *\/\n.elementor-image-gallery .gallery-item{display:inline-block;text-align:center;vertical-align:top;width:100%;max-width:100%;margin:0 auto}.elementor-image-gallery .gallery-item img{margin:0 auto}.elementor-image-gallery .gallery-item .gallery-caption{margin:0}.elementor-image-gallery figure img{display:block}.elementor-image-gallery figure figcaption{width:100%}.gallery-spacing-custom .elementor-image-gallery .gallery-icon{padding:0}@media (min-width:768px){.elementor-image-gallery .gallery-columns-2 .gallery-item{max-width:50%}.elementor-image-gallery .gallery-columns-3 .gallery-item{max-width:33.33%}.elementor-image-gallery .gallery-columns-4 .gallery-item{max-width:25%}.elementor-image-gallery .gallery-columns-5 .gallery-item{max-width:20%}.elementor-image-gallery .gallery-columns-6 .gallery-item{max-width:16.666%}.elementor-image-gallery .gallery-columns-7 .gallery-item{max-width:14.28%}.elementor-image-gallery .gallery-columns-8 .gallery-item{max-width:12.5%}.elementor-image-gallery .gallery-columns-9 .gallery-item{max-width:11.11%}.elementor-image-gallery .gallery-columns-10 .gallery-item{max-width:10%}}@media (min-width:480px) and (max-width:767px){.elementor-image-gallery .gallery.gallery-columns-2 .gallery-item,.elementor-image-gallery .gallery.gallery-columns-3 .gallery-item,.elementor-image-gallery .gallery.gallery-columns-4 .gallery-item,.elementor-image-gallery .gallery.gallery-columns-5 .gallery-item,.elementor-image-gallery .gallery.gallery-columns-6 .gallery-item,.elementor-image-gallery .gallery.gallery-columns-7 .gallery-item,.elementor-image-gallery .gallery.gallery-columns-8 .gallery-item,.elementor-image-gallery .gallery.gallery-columns-9 .gallery-item,.elementor-image-gallery .gallery.gallery-columns-10 .gallery-item{max-width:50%}}@media (max-width:479px){.elementor-image-gallery .gallery.gallery-columns-2 .gallery-item,.elementor-image-gallery .gallery.gallery-columns-3 .gallery-item,.elementor-image-gallery .gallery.gallery-columns-4 .gallery-item,.elementor-image-gallery .gallery.gallery-columns-5 .gallery-item,.elementor-image-gallery .gallery.gallery-columns-6 .gallery-item,.elementor-image-gallery .gallery.gallery-columns-7 .gallery-item,.elementor-image-gallery .gallery.gallery-columns-8 .gallery-item,.elementor-image-gallery .gallery.gallery-columns-9 .gallery-item,.elementor-image-gallery .gallery.gallery-columns-10 .gallery-item{max-width:100%}}<\/style>\t\t<div class=\"elementor-image-gallery\">\n\t\t\t<div id='gallery-1' class='gallery galleryid-169 gallery-columns-3 gallery-size-medium'><figure class='gallery-item'>\n\t\t\t<div class='gallery-icon landscape'>\n\t\t\t\t<a data-elementor-open-lightbox=\"yes\" data-elementor-lightbox-slideshow=\"d52b084\" data-elementor-lightbox-title=\"zq500-series-group-3x2-3600\" data-e-action-hash=\"#elementor-action%3Aaction%3Dlightbox%26settings%3DeyJpZCI6MTMzLCJ1cmwiOiJodHRwczpcL1wvYmNzLmNvbS5zdlwvd3AtY29udGVudFwvdXBsb2Fkc1wvMjAyM1wvMTFcL3pxNTAwLXNlcmllcy1ncm91cC0zeDItMzYwMC02MDB4NDAwLTEuanBlZyIsInNsaWRlc2hvdyI6ImQ1MmIwODQifQ%3D%3D\" href='https:\/\/bcs.com.sv\/wp-content\/uploads\/2023\/11\/zq500-series-group-3x2-3600-600x400-1.jpeg'><img fetchpriority=\"high\" decoding=\"async\" width=\"300\" height=\"200\" src=\"https:\/\/bcs.com.sv\/wp-content\/uploads\/2023\/11\/zq500-series-group-3x2-3600-600x400-1-300x200.jpeg\" class=\"attachment-medium size-medium\" alt=\"\" aria-describedby=\"gallery-1-133\" srcset=\"https:\/\/bcs.com.sv\/wp-content\/uploads\/2023\/11\/zq500-series-group-3x2-3600-600x400-1-300x200.jpeg 300w, https:\/\/bcs.com.sv\/wp-content\/uploads\/2023\/11\/zq500-series-group-3x2-3600-600x400-1.jpeg 600w\" sizes=\"(max-width: 300px) 100vw, 300px\" \/><\/a>\n\t\t\t<\/div>\n\t\t\t\t<figcaption class='wp-caption-text gallery-caption' id='gallery-1-133'>\n\t\t\t\tZebra ZQ 500 series\n\t\t\t\t<\/figcaption><\/figure><figure class='gallery-item'>\n\t\t\t<div class='gallery-icon landscape'>\n\t\t\t\t<a data-elementor-open-lightbox=\"yes\" data-elementor-lightbox-slideshow=\"d52b084\" data-elementor-lightbox-title=\"zt200-series-media-with-shadow-3x2-3600-600x384\" data-e-action-hash=\"#elementor-action%3Aaction%3Dlightbox%26settings%3DeyJpZCI6MTMyLCJ1cmwiOiJodHRwczpcL1wvYmNzLmNvbS5zdlwvd3AtY29udGVudFwvdXBsb2Fkc1wvMjAyM1wvMTFcL3p0MjAwLXNlcmllcy1tZWRpYS13aXRoLXNoYWRvdy0zeDItMzYwMC02MDB4Mzg0LTEuanBlZyIsInNsaWRlc2hvdyI6ImQ1MmIwODQifQ%3D%3D\" href='https:\/\/bcs.com.sv\/wp-content\/uploads\/2023\/11\/zt200-series-media-with-shadow-3x2-3600-600x384-1.jpeg'><img decoding=\"async\" width=\"300\" height=\"192\" src=\"https:\/\/bcs.com.sv\/wp-content\/uploads\/2023\/11\/zt200-series-media-with-shadow-3x2-3600-600x384-1-300x192.jpeg\" class=\"attachment-medium size-medium\" alt=\"\" aria-describedby=\"gallery-1-132\" srcset=\"https:\/\/bcs.com.sv\/wp-content\/uploads\/2023\/11\/zt200-series-media-with-shadow-3x2-3600-600x384-1-300x192.jpeg 300w, https:\/\/bcs.com.sv\/wp-content\/uploads\/2023\/11\/zt200-series-media-with-shadow-3x2-3600-600x384-1.jpeg 600w\" sizes=\"(max-width: 300px) 100vw, 300px\" \/><\/a>\n\t\t\t<\/div>\n\t\t\t\t<figcaption class='wp-caption-text gallery-caption' id='gallery-1-132'>\n\t\t\t\tZebra ZT series\n\t\t\t\t<\/figcaption><\/figure><figure class='gallery-item'>\n\t\t\t<div class='gallery-icon landscape'>\n\t\t\t\t<a data-elementor-open-lightbox=\"yes\" data-elementor-lightbox-slideshow=\"d52b084\" data-elementor-lightbox-title=\"zebra-g-series-printers\" data-e-action-hash=\"#elementor-action%3Aaction%3Dlightbox%26settings%3DeyJpZCI6MzQ4LCJ1cmwiOiJodHRwczpcL1wvYmNzLmNvbS5zdlwvd3AtY29udGVudFwvdXBsb2Fkc1wvMjAyM1wvMTFcL3plYnJhLWctc2VyaWVzLXByaW50ZXJzLTAwOTYwMzE0NS1wcm9kdWN0X3pvb20uanBlZyIsInNsaWRlc2hvdyI6ImQ1MmIwODQifQ%3D%3D\" href='https:\/\/bcs.com.sv\/wp-content\/uploads\/2023\/11\/zebra-g-series-printers-009603145-product_zoom.jpeg'><img decoding=\"async\" width=\"300\" height=\"225\" src=\"https:\/\/bcs.com.sv\/wp-content\/uploads\/2023\/11\/zebra-g-series-printers-009603145-product_zoom-300x225.jpeg\" class=\"attachment-medium size-medium\" alt=\"\" aria-describedby=\"gallery-1-348\" srcset=\"https:\/\/bcs.com.sv\/wp-content\/uploads\/2023\/11\/zebra-g-series-printers-009603145-product_zoom-300x225.jpeg 300w, https:\/\/bcs.com.sv\/wp-content\/uploads\/2023\/11\/zebra-g-series-printers-009603145-product_zoom.jpeg 640w\" sizes=\"(max-width: 300px) 100vw, 300px\" \/><\/a>\n\t\t\t<\/div>\n\t\t\t\t<figcaption class='wp-caption-text gallery-caption' id='gallery-1-348'>\n\t\t\t\tzebra-g-series-printers\n\t\t\t\t<\/figcaption><\/figure>\n\t\t<\/div>\n\t\t<\/div>\n\t\t\t\t<\/div>\n\t\t\t\t<\/div>\n\t\t\t\t\t<\/div>\n\t\t\t\t<\/div>\n\t\t\t\t\t\t\t<\/div>\n\t\t","protected":false},"excerpt":{"rendered":"<p>Impresores: Impresores de transferencia t\u00e9rmica y t\u00e9rmico directo para c\u00f3digos de barra de acuerdo al volumen de etiquetas que el cliente necesite producir. Zebra ZT series Zebra ZQ 500 series<\/p>\n","protected":false},"author":1,"featured_media":0,"parent":0,"menu_order":0,"comment_status":"closed","ping_status":"closed","template":"elementor_header_footer","meta":{"footnotes":"","_joinchat":[]},"_links":{"self":[{"href":"https:\/\/bcs.com.sv\/index.php?rest_route=\/wp\/v2\/pages\/169"}],"collection":[{"href":"https:\/\/bcs.com.sv\/index.php?rest_route=\/wp\/v2\/pages"}],"about":[{"href":"https:\/\/bcs.com.sv\/index.php?rest_route=\/wp\/v2\/types\/page"}],"author":[{"embeddable":true,"href":"https:\/\/bcs.com.sv\/index.php?rest_route=\/wp\/v2\/users\/1"}],"replies":[{"embeddable":true,"href":"https:\/\/bcs.com.sv\/index.php?rest_route=%2Fwp%2Fv2%2Fcomments&post=169"}],"version-history":[{"count":22,"href":"https:\/\/bcs.com.sv\/index.php?rest_route=\/wp\/v2\/pages\/169\/revisions"}],"predecessor-version":[{"id":354,"href":"https:\/\/bcs.com.sv\/index.php?rest_route=\/wp\/v2\/pages\/169\/revisions\/354"}],"wp:attachment":[{"href":"https:\/\/bcs.com.sv\/index.php?rest_route=%2Fwp%2Fv2%2Fmedia&parent=169"}],"curies":[{"name":"wp","href":"https:\/\/api.w.org\/{rel}","templated":true}]}}